{"id":3062,"date":"2019-01-16T18:52:06","date_gmt":"2019-01-16T17:52:06","guid":{"rendered":"https:\/\/chalets-valloire.fr\/legal-notice\/"},"modified":"2026-01-07T07:40:26","modified_gmt":"2026-01-07T06:40:26","slug":"legal-notice","status":"publish","type":"page","link":"https:\/\/chalets-valloire.fr\/en\/legal-notice\/","title":{"rendered":"Legal Notice"},"content":{"rendered":"<p>[vc_row css=&#8221;.vc_custom_1492612814975{margin-top: 40px !important;margin-bottom: 40px !important;}&#8221;][vc_column width=&#8221;2\/3&#8243;]<div style=\"background-color:; height: 20px;\" class=\"nicdark_section  \"><\/div>[vc_column_text]Le site est \u00e9dit\u00e9 par la soci\u00e9t\u00e9 Hotel Club Valloire (HCV), SARL\u00a0 au capital de 8 000 \u20ac, immatricul\u00e9e au Registre du Commerce et des soci\u00e9t\u00e9s de Chamb\u00e9ry sous le num\u00e9ro 518 452 032, dont le si\u00e8ge social est situ\u00e9 Hotel les Carettes, Chef lieu, 73450 Valloire.<\/p>\n<p>Num\u00e9ro de t\u00e9l\u00e9phone\u00a0: 01 40 67 54 00<\/p>\n<p>Adresse e-mail\u00a0: resa@chlates-valloire.fr<\/p>\n<p>Directeur de la publication : Yves PEIS<\/p>\n<p>H\u00e9bergement : ce site est h\u00e9berg\u00e9 par la soci\u00e9t\u00e9 OVH, SAS au capital de 10 069 020 \u20ac immatricul\u00e9e au RCS de Lille M\u00e9tropole sous le num\u00e9ro 424 761 419 00045<br \/>\nSi\u00e8ge social : 2 rue Kellermann &#8211; 59100 Roubaix &#8211; France[\/vc_column_text]<div style=\"background-color:; height: 20px;\" class=\"nicdark_section  \"><\/div><div style=\"background-color:; height: 20px;\" class=\"nicdark_section  \"><\/div><div style=\"background-color:; height: 40px;\" class=\"nicdark_section  \"><\/div>[\/vc_column][\/vc_row]<\/p>\n","protected":false},"excerpt":{"rendered":"<p>[vc_row css=&#8221;.vc_custom_1492612814975{margin-top: 40px !important;margin-bottom: 40px !important;}&#8221;][vc_column width=&#8221;2\/3&#8243;][vc_column_text]Le site est \u00e9dit\u00e9 par la soci\u00e9t\u00e9 Hotel Club Valloire (HCV), SARL\u00a0 au capital de 8 000 \u20ac, immatricul\u00e9e au Registre du Commerce et des soci\u00e9t\u00e9s de Chamb\u00e9ry sous le num\u00e9ro 518 452 032, dont le si\u00e8ge social est situ\u00e9 Hotel les Carettes, Chef lieu, 73450 Valloire. Num\u00e9ro de [&hellip;]<\/p>\n","protected":false},"author":1,"featured_media":0,"parent":0,"menu_order":0,"comment_status":"closed","ping_status":"closed","template":"","meta":{"spay_email":""},"_links":{"self":[{"href":"https:\/\/chalets-valloire.fr\/en\/wp-json\/wp\/v2\/pages\/3062"}],"collection":[{"href":"https:\/\/chalets-valloire.fr\/en\/wp-json\/wp\/v2\/pages"}],"about":[{"href":"https:\/\/chalets-valloire.fr\/en\/wp-json\/wp\/v2\/types\/page"}],"author":[{"embeddable":true,"href":"https:\/\/chalets-valloire.fr\/en\/wp-json\/wp\/v2\/users\/1"}],"replies":[{"embeddable":true,"href":"https:\/\/chalets-valloire.fr\/en\/wp-json\/wp\/v2\/comments?post=3062"}],"version-history":[{"count":2,"href":"https:\/\/chalets-valloire.fr\/en\/wp-json\/wp\/v2\/pages\/3062\/revisions"}],"predecessor-version":[{"id":5300,"href":"https:\/\/chalets-valloire.fr\/en\/wp-json\/wp\/v2\/pages\/3062\/revisions\/5300"}],"wp:attachment":[{"href":"https:\/\/chalets-valloire.fr\/en\/wp-json\/wp\/v2\/media?parent=3062"}],"curies":[{"name":"wp","href":"https:\/\/api.w.org\/{rel}","templated":true}]}}